{"id":205,"date":"2026-02-19T08:59:22","date_gmt":"2026-02-19T08:59:22","guid":{"rendered":"https:\/\/plabaucoeur.bzh\/?page_id=205"},"modified":"2026-03-12T09:37:44","modified_gmt":"2026-03-12T09:37:44","slug":"le-programme-de-plabennec-au-coeur","status":"publish","type":"page","link":"https:\/\/plabaucoeur.bzh\/index.php\/le-programme-de-plabennec-au-coeur\/","title":{"rendered":"Le programme de Plabennec au C\u0153ur"},"content":{"rendered":"\n<h1 class=\"wp-block-heading has-text-align-center\" style=\"font-size:clamp(2.331rem, 2.331rem + ((1vw - 0.2rem) * 3.089), 4.3rem);\">Le programme de Plabennec au C\u0153ur<\/h1>\n\n\n\n<h1 class=\"wp-block-heading has-text-align-center is-style-text-display has-accent-4-color has-text-color has-link-color wp-elements-7ea7baa15154e9dc72f630f5b9f63966 is-style-text-display--1\" style=\"font-size:clamp(2.244rem, 2.244rem + ((1vw - 0.2rem) * 2.911), 4.1rem);\">Ar programm Plabenneg er Galon<\/h1>\n\n\n\n<p class=\"has-text-align-center is-style-text-annotation has-accent-5-color has-accent-1-background-color has-text-color has-background has-link-color has-x-large-font-size wp-elements-647f7e727305bfedb6ae9c64fb7634be is-style-text-annotation--2\"><strong>R\u00e9union publique le mercredi 18 mars \u00e0 20h30, salle Tanguy Malmanche<\/strong><\/p>\n\n\n\n<figure class=\"wp-block-gallery has-nested-images columns-1 is-cropped wp-block-gallery-3 is-layout-flex wp-block-gallery-is-layout-flex\">\n<figure class=\"wp-block-image size-full\"><img loading=\"lazy\" decoding=\"async\" width=\"1241\" height=\"1755\" data-id=\"221\" src=\"https:\/\/plabaucoeur.bzh\/wp-content\/uploads\/2026\/02\/Programme-PAC-2026_page-0001.jpg\" alt=\"\" class=\"wp-image-221\" srcset=\"https:\/\/plabaucoeur.bzh\/wp-content\/uploads\/2026\/02\/Programme-PAC-2026_page-0001.jpg 1241w, https:\/\/plabaucoeur.bzh\/wp-content\/uploads\/2026\/02\/Programme-PAC-2026_page-0001-212x300.jpg 212w, https:\/\/plabaucoeur.bzh\/wp-content\/uploads\/2026\/02\/Programme-PAC-2026_page-0001-724x1024.jpg 724w, https:\/\/plabaucoeur.bzh\/wp-content\/uploads\/2026\/02\/Programme-PAC-2026_page-0001-768x1086.jpg 768w, https:\/\/plabaucoeur.bzh\/wp-content\/uploads\/2026\/02\/Programme-PAC-2026_page-0001-1086x1536.jpg 1086w\" sizes=\"auto, (max-width: 1241px) 100vw, 1241px\" \/><\/figure>\n\n\n\n<figure class=\"wp-block-image size-large\"><img loading=\"lazy\" decoding=\"async\" width=\"724\" height=\"1024\" data-id=\"224\" src=\"https:\/\/plabaucoeur.bzh\/wp-content\/uploads\/2026\/02\/Programme-PAC-2026_page-0002-724x1024.jpg\" alt=\"\" class=\"wp-image-224\" srcset=\"https:\/\/plabaucoeur.bzh\/wp-content\/uploads\/2026\/02\/Programme-PAC-2026_page-0002-724x1024.jpg 724w, https:\/\/plabaucoeur.bzh\/wp-content\/uploads\/2026\/02\/Programme-PAC-2026_page-0002-212x300.jpg 212w, https:\/\/plabaucoeur.bzh\/wp-content\/uploads\/2026\/02\/Programme-PAC-2026_page-0002-768x1086.jpg 768w, https:\/\/plabaucoeur.bzh\/wp-content\/uploads\/2026\/02\/Programme-PAC-2026_page-0002-1086x1536.jpg 1086w, https:\/\/plabaucoeur.bzh\/wp-content\/uploads\/2026\/02\/Programme-PAC-2026_page-0002.jpg 1241w\" sizes=\"auto, (max-width: 724px) 100vw, 724px\" \/><\/figure>\n\n\n\n<figure class=\"wp-block-image size-large\"><img loading=\"lazy\" decoding=\"async\" width=\"724\" height=\"1024\" data-id=\"223\" src=\"https:\/\/plabaucoeur.bzh\/wp-content\/uploads\/2026\/02\/Programme-PAC-2026_page-0003-724x1024.jpg\" alt=\"\" class=\"wp-image-223\" srcset=\"https:\/\/plabaucoeur.bzh\/wp-content\/uploads\/2026\/02\/Programme-PAC-2026_page-0003-724x1024.jpg 724w, https:\/\/plabaucoeur.bzh\/wp-content\/uploads\/2026\/02\/Programme-PAC-2026_page-0003-212x300.jpg 212w, https:\/\/plabaucoeur.bzh\/wp-content\/uploads\/2026\/02\/Programme-PAC-2026_page-0003-768x1086.jpg 768w, https:\/\/plabaucoeur.bzh\/wp-content\/uploads\/2026\/02\/Programme-PAC-2026_page-0003-1086x1536.jpg 1086w, https:\/\/plabaucoeur.bzh\/wp-content\/uploads\/2026\/02\/Programme-PAC-2026_page-0003.jpg 1241w\" sizes=\"auto, (max-width: 724px) 100vw, 724px\" \/><\/figure>\n\n\n\n<figure class=\"wp-block-image size-large\"><img loading=\"lazy\" decoding=\"async\" width=\"724\" height=\"1024\" data-id=\"222\" src=\"https:\/\/plabaucoeur.bzh\/wp-content\/uploads\/2026\/02\/Programme-PAC-2026_page-0004-724x1024.jpg\" alt=\"\" class=\"wp-image-222\" srcset=\"https:\/\/plabaucoeur.bzh\/wp-content\/uploads\/2026\/02\/Programme-PAC-2026_page-0004-724x1024.jpg 724w, https:\/\/plabaucoeur.bzh\/wp-content\/uploads\/2026\/02\/Programme-PAC-2026_page-0004-212x300.jpg 212w, https:\/\/plabaucoeur.bzh\/wp-content\/uploads\/2026\/02\/Programme-PAC-2026_page-0004-768x1086.jpg 768w, https:\/\/plabaucoeur.bzh\/wp-content\/uploads\/2026\/02\/Programme-PAC-2026_page-0004-1086x1536.jpg 1086w, https:\/\/plabaucoeur.bzh\/wp-content\/uploads\/2026\/02\/Programme-PAC-2026_page-0004.jpg 1241w\" sizes=\"auto, (max-width: 724px) 100vw, 724px\" \/><\/figure>\n\n\n\n<figure class=\"wp-block-image size-large\"><img loading=\"lazy\" decoding=\"async\" width=\"724\" height=\"1024\" data-id=\"225\" src=\"https:\/\/plabaucoeur.bzh\/wp-content\/uploads\/2026\/02\/Programme-PAC-2026_page-0005-724x1024.jpg\" alt=\"\" class=\"wp-image-225\" srcset=\"https:\/\/plabaucoeur.bzh\/wp-content\/uploads\/2026\/02\/Programme-PAC-2026_page-0005-724x1024.jpg 724w, https:\/\/plabaucoeur.bzh\/wp-content\/uploads\/2026\/02\/Programme-PAC-2026_page-0005-212x300.jpg 212w, https:\/\/plabaucoeur.bzh\/wp-content\/uploads\/2026\/02\/Programme-PAC-2026_page-0005-768x1086.jpg 768w, https:\/\/plabaucoeur.bzh\/wp-content\/uploads\/2026\/02\/Programme-PAC-2026_page-0005-1086x1536.jpg 1086w, https:\/\/plabaucoeur.bzh\/wp-content\/uploads\/2026\/02\/Programme-PAC-2026_page-0005.jpg 1241w\" sizes=\"auto, (max-width: 724px) 100vw, 724px\" \/><\/figure>\n\n\n\n<figure class=\"wp-block-image size-large\"><img loading=\"lazy\" decoding=\"async\" width=\"724\" height=\"1024\" data-id=\"226\" src=\"https:\/\/plabaucoeur.bzh\/wp-content\/uploads\/2026\/02\/Programme-PAC-2026_page-0006-724x1024.jpg\" alt=\"\" class=\"wp-image-226\" srcset=\"https:\/\/plabaucoeur.bzh\/wp-content\/uploads\/2026\/02\/Programme-PAC-2026_page-0006-724x1024.jpg 724w, https:\/\/plabaucoeur.bzh\/wp-content\/uploads\/2026\/02\/Programme-PAC-2026_page-0006-212x300.jpg 212w, https:\/\/plabaucoeur.bzh\/wp-content\/uploads\/2026\/02\/Programme-PAC-2026_page-0006-768x1086.jpg 768w, https:\/\/plabaucoeur.bzh\/wp-content\/uploads\/2026\/02\/Programme-PAC-2026_page-0006-1086x1536.jpg 1086w, https:\/\/plabaucoeur.bzh\/wp-content\/uploads\/2026\/02\/Programme-PAC-2026_page-0006.jpg 1241w\" sizes=\"auto, (max-width: 724px) 100vw, 724px\" \/><\/figure>\n\n\n\n<figure class=\"wp-block-image size-large\"><img loading=\"lazy\" decoding=\"async\" width=\"724\" height=\"1024\" data-id=\"220\" src=\"https:\/\/plabaucoeur.bzh\/wp-content\/uploads\/2026\/02\/Programme-PAC-2026_page-0007-724x1024.jpg\" alt=\"\" class=\"wp-image-220\" srcset=\"https:\/\/plabaucoeur.bzh\/wp-content\/uploads\/2026\/02\/Programme-PAC-2026_page-0007-724x1024.jpg 724w, https:\/\/plabaucoeur.bzh\/wp-content\/uploads\/2026\/02\/Programme-PAC-2026_page-0007-212x300.jpg 212w, https:\/\/plabaucoeur.bzh\/wp-content\/uploads\/2026\/02\/Programme-PAC-2026_page-0007-768x1086.jpg 768w, https:\/\/plabaucoeur.bzh\/wp-content\/uploads\/2026\/02\/Programme-PAC-2026_page-0007-1086x1536.jpg 1086w, https:\/\/plabaucoeur.bzh\/wp-content\/uploads\/2026\/02\/Programme-PAC-2026_page-0007.jpg 1241w\" sizes=\"auto, (max-width: 724px) 100vw, 724px\" \/><\/figure>\n\n\n\n<figure class=\"wp-block-image size-large\"><img loading=\"lazy\" decoding=\"async\" width=\"724\" height=\"1024\" data-id=\"227\" src=\"https:\/\/plabaucoeur.bzh\/wp-content\/uploads\/2026\/02\/Programme-PAC-2026_page-0008-724x1024.jpg\" alt=\"\" class=\"wp-image-227\" srcset=\"https:\/\/plabaucoeur.bzh\/wp-content\/uploads\/2026\/02\/Programme-PAC-2026_page-0008-724x1024.jpg 724w, https:\/\/plabaucoeur.bzh\/wp-content\/uploads\/2026\/02\/Programme-PAC-2026_page-0008-212x300.jpg 212w, https:\/\/plabaucoeur.bzh\/wp-content\/uploads\/2026\/02\/Programme-PAC-2026_page-0008-768x1086.jpg 768w, https:\/\/plabaucoeur.bzh\/wp-content\/uploads\/2026\/02\/Programme-PAC-2026_page-0008-1086x1536.jpg 1086w, https:\/\/plabaucoeur.bzh\/wp-content\/uploads\/2026\/02\/Programme-PAC-2026_page-0008.jpg 1241w\" sizes=\"auto, (max-width: 724px) 100vw, 724px\" \/><\/figure>\n<\/figure>\n\n\n\n<p><\/p>\n\n\n\n<div class=\"wp-block-file\"><a id=\"wp-block-file--media-a70c409a-dc8e-4764-8f26-f684be51941d\" href=\"https:\/\/plabaucoeur.bzh\/wp-content\/uploads\/2026\/02\/Programme-PAC-2026.pdf\">Le programme Plabennec au C\u0153ur<\/a><a href=\"https:\/\/plabaucoeur.bzh\/wp-content\/uploads\/2026\/02\/Programme-PAC-2026.pdf\" class=\"wp-block-file__button wp-element-button\" download aria-describedby=\"wp-block-file--media-a70c409a-dc8e-4764-8f26-f684be51941d\">T\u00e9l\u00e9charger<\/a><\/div>\n\n\n\n<p><\/p>\n","protected":false},"excerpt":{"rendered":"<p>Le programme de Plabennec au C\u0153ur Ar programm Plabenneg er Galon R\u00e9union publique le mercredi 18 mars \u00e0 20h30, salle Tanguy Malmanche<\/p>\n","protected":false},"author":1,"featured_media":13,"parent":0,"menu_order":0,"comment_status":"closed","ping_status":"closed","template":"","meta":{"footnotes":""},"class_list":["post-205","page","type-page","status-publish","has-post-thumbnail","hentry"],"_links":{"self":[{"href":"https:\/\/plabaucoeur.bzh\/index.php\/wp-json\/wp\/v2\/pages\/205","targetHints":{"allow":["GET"]}}],"collection":[{"href":"https:\/\/plabaucoeur.bzh\/index.php\/wp-json\/wp\/v2\/pages"}],"about":[{"href":"https:\/\/plabaucoeur.bzh\/index.php\/wp-json\/wp\/v2\/types\/page"}],"author":[{"embeddable":true,"href":"https:\/\/plabaucoeur.bzh\/index.php\/wp-json\/wp\/v2\/users\/1"}],"replies":[{"embeddable":true,"href":"https:\/\/plabaucoeur.bzh\/index.php\/wp-json\/wp\/v2\/comments?post=205"}],"version-history":[{"count":17,"href":"https:\/\/plabaucoeur.bzh\/index.php\/wp-json\/wp\/v2\/pages\/205\/revisions"}],"predecessor-version":[{"id":367,"href":"https:\/\/plabaucoeur.bzh\/index.php\/wp-json\/wp\/v2\/pages\/205\/revisions\/367"}],"wp:featuredmedia":[{"embeddable":true,"href":"https:\/\/plabaucoeur.bzh\/index.php\/wp-json\/wp\/v2\/media\/13"}],"wp:attachment":[{"href":"https:\/\/plabaucoeur.bzh\/index.php\/wp-json\/wp\/v2\/media?parent=205"}],"curies":[{"name":"wp","href":"https:\/\/api.w.org\/{rel}","templated":true}]}}